{"id":49,"date":"2026-03-11T06:21:55","date_gmt":"2026-03-11T09:21:55","guid":{"rendered":"https:\/\/www.netvasco.com.br\/apostas\/?page_id=49"},"modified":"2026-03-24T15:28:22","modified_gmt":"2026-03-24T18:28:22","slug":"contato","status":"publish","type":"page","link":"https:\/\/www.netvasco.com.br\/apostas\/contato\/","title":{"rendered":"Contato"},"content":{"rendered":"<div class=\"wp-block-group mm-pattern-contact\"><div class=\"wp-block-group__inner-container is-layout-constrained wp-block-group-is-layout-constrained\">\n<div class=\"wp-block-group mm-pattern-contact__intro is-vertical is-layout-flex wp-container-core-group-is-layout-8cf370e7 wp-block-group-is-layout-flex\">\n<h2 class=\"wp-block-heading mm-pattern-contact__intro__title\">Contato<\/h2>\n\n\n\n<p class=\"has-text-align-center mm-pattern-contact__intro__paragraph\">Por favor, preencha o formul&aacute;rio abaixo para receber informa&ccedil;&otilde;es sobre nossos servi&ccedil;os. <br>Fique &agrave; vontade para adicionar todos os detalhes necess&aacute;rios.<\/p>\n<\/div>\n\n\n\n<div class=\"wp-block-group mm-pattern-contact__form\"><div class=\"wp-block-group__inner-container is-layout-constrained wp-block-group-is-layout-constrained\">\n<div style=\"height:20px\" aria-hidden=\"true\" class=\"wp-block-spacer\"><\/div>\n\n\n\n<div class=\"wpcf7 no-js\" id=\"wpcf7-f7-o1\" lang=\"pt-BR\" dir=\"ltr\" data-wpcf7-id=\"7\">\n<div class=\"screen-reader-response\"><p role=\"status\" aria-live=\"polite\" aria-atomic=\"true\"><\/p> <ul><\/ul><\/div>\n<form action=\"\/apostas\/wp-json\/wp\/v2\/pages\/49#wpcf7-f7-o1\" method=\"post\" class=\"wpcf7-form init\" aria-label=\"Formul\u00e1rios de contato\" novalidate=\"novalidate\" data-status=\"init\">\n<fieldset class=\"hidden-fields-container\"><input type=\"hidden\" name=\"_wpcf7\" value=\"7\" \/><input type=\"hidden\" name=\"_wpcf7_version\" value=\"6.1.5\" \/><input type=\"hidden\" name=\"_wpcf7_locale\" value=\"pt_BR\" \/><input type=\"hidden\" name=\"_wpcf7_unit_tag\" value=\"wpcf7-f7-o1\" \/><input type=\"hidden\" name=\"_wpcf7_container_post\" value=\"0\" \/><input type=\"hidden\" name=\"_wpcf7_posted_data_hash\" value=\"\" \/><input type=\"hidden\" name=\"_wpcf7_recaptcha_response\" value=\"\" \/>\n<\/fieldset>\n<p><label> Objetivo do contato<br \/>\n<span class=\"wpcf7-form-control-wrap\" data-name=\"contact-purpose\"><select class=\"wpcf7-form-control wpcf7-select wpcf7-validates-as-required\" aria-required=\"true\" aria-invalid=\"false\" name=\"contact-purpose\"><option value=\"\">Selecione uma categoria<\/option><option value=\"Anuncie conosco (Consultas &amp; Media Kit)\">Anuncie conosco (Consultas &amp; Media Kit)<\/option><option value=\"Oportunidades de Parceria\">Oportunidades de Parceria<\/option><option value=\"Submiss\u00e3o de conte\u00fado &amp; Publica\u00e7\u00e3o\">Submiss\u00e3o de conte\u00fado &amp; Publica\u00e7\u00e3o<\/option><option value=\"Perguntas &amp; Feedback\">Perguntas &amp; Feedback<\/option><option value=\"Colabora\u00e7\u00f5es de Ag\u00eancias (Marketing e Compradores de M\u00eddia)\">Colabora\u00e7\u00f5es de Ag\u00eancias (Marketing e Compradores de M\u00eddia)<\/option><\/select><\/span> <\/label>\n<\/p>\n<p><label> Nome completo<br \/>\n<span class=\"wpcf7-form-control-wrap\" data-name=\"your-name\"><input size=\"40\" maxlength=\"400\" class=\"wpcf7-form-control wpcf7-text wpcf7-validates-as-required\" aria-required=\"true\" aria-invalid=\"false\" placeholder=\"Seu nome completo\" value=\"\" type=\"text\" name=\"your-name\" \/><\/span> <\/label>\n<\/p>\n<p><label> Sua marca (opcional)<br \/>\n<span class=\"wpcf7-form-control-wrap\" data-name=\"company\"><input size=\"40\" maxlength=\"400\" class=\"wpcf7-form-control wpcf7-text ico-company\" aria-invalid=\"false\" placeholder=\"Nome da empresa ou marca\" value=\"\" type=\"text\" name=\"company\" \/><\/span> <\/label>\n<\/p>\n<p><label> E-mail<br \/>\n<span class=\"wpcf7-form-control-wrap\" data-name=\"your-email\"><input size=\"40\" maxlength=\"400\" class=\"wpcf7-form-control wpcf7-email wpcf7-validates-as-required wpcf7-text wpcf7-validates-as-email ico-email\" aria-required=\"true\" aria-invalid=\"false\" placeholder=\"xxxx@xxxx.com\" value=\"\" type=\"email\" name=\"your-email\" \/><\/span> <\/label>\n<\/p>\n<p><label> Assunto<br \/>\n<span class=\"wpcf7-form-control-wrap\" data-name=\"your-subject\"><input size=\"40\" maxlength=\"400\" class=\"wpcf7-form-control wpcf7-text wpcf7-validates-as-required\" aria-required=\"true\" aria-invalid=\"false\" placeholder=\"Assunto\" value=\"\" type=\"text\" name=\"your-subject\" \/><\/span> <\/label>\n<\/p>\n<p><label class=\"message\"> Mensagem<br \/>\n<span class=\"wpcf7-form-control-wrap\" data-name=\"your-message\"><textarea cols=\"40\" rows=\"10\" maxlength=\"2000\" class=\"wpcf7-form-control wpcf7-textarea wpcf7-validates-as-required\" aria-required=\"true\" aria-invalid=\"false\" placeholder=\"Como podemos ajudar?\" name=\"your-message\"><\/textarea><\/span> <\/label>\n<\/p>\n<p><input class=\"wpcf7-form-control wpcf7-submit has-spinner\" type=\"submit\" value=\"Enviar\" \/>\n<\/p><div class=\"wpcf7-response-output\" aria-hidden=\"true\"><\/div>\n<\/form>\n<\/div>\n\n<\/div><\/div>\n<\/div><\/div>\n","protected":false},"excerpt":{"rendered":"<p>Contato Por favor, preencha o formul&aacute;rio abaixo para receber informa&ccedil;&otilde;es sobre nossos servi&ccedil;os. Fique &agrave; vontade para adicionar todos os detalhes necess&aacute;rios.<\/p>\n","protected":false},"author":1,"featured_media":0,"parent":0,"menu_order":0,"comment_status":"closed","ping_status":"closed","template":"page-contact.php","meta":{"_acf_changed":false,"footnotes":""},"class_list":["post-49","page","type-page","status-publish","hentry"],"acf":[],"_links":{"self":[{"href":"https:\/\/www.netvasco.com.br\/apostas\/wp-json\/wp\/v2\/pages\/49","targetHints":{"allow":["GET"]}}],"collection":[{"href":"https:\/\/www.netvasco.com.br\/apostas\/wp-json\/wp\/v2\/pages"}],"about":[{"href":"https:\/\/www.netvasco.com.br\/apostas\/wp-json\/wp\/v2\/types\/page"}],"author":[{"embeddable":true,"href":"https:\/\/www.netvasco.com.br\/apostas\/wp-json\/wp\/v2\/users\/1"}],"replies":[{"embeddable":true,"href":"https:\/\/www.netvasco.com.br\/apostas\/wp-json\/wp\/v2\/comments?post=49"}],"version-history":[{"count":4,"href":"https:\/\/www.netvasco.com.br\/apostas\/wp-json\/wp\/v2\/pages\/49\/revisions"}],"predecessor-version":[{"id":704,"href":"https:\/\/www.netvasco.com.br\/apostas\/wp-json\/wp\/v2\/pages\/49\/revisions\/704"}],"wp:attachment":[{"href":"https:\/\/www.netvasco.com.br\/apostas\/wp-json\/wp\/v2\/media?parent=49"}],"curies":[{"name":"wp","href":"https:\/\/api.w.org\/{rel}","templated":true}]}}